{"id":92,"date":"2026-02-26T19:15:10","date_gmt":"2026-02-26T19:15:10","guid":{"rendered":"https:\/\/sozemeklilik.com\/?page_id=92"},"modified":"2026-02-27T21:29:32","modified_gmt":"2026-02-27T21:29:32","slug":"ana-sayfa-yeni","status":"publish","type":"page","link":"https:\/\/sozemeklilik.com\/","title":{"rendered":"ANA SAYFA YEN\u0130"},"content":{"rendered":"\t\t<div data-elementor-type=\"wp-page\" data-elementor-id=\"92\" class=\"elementor elementor-92\">\n\t\t\t\t<div class=\"elementor-element elementor-element-a3bd40c e-flex e-con-boxed e-con e-parent\" data-id=\"a3bd40c\" data-element_type=\"container\" data-e-type=\"container\">\n\t\t\t\t\t<div class=\"e-con-inner\">\n\t\t\t\t<div class=\"elementor-element elementor-element-868da5f elementor-widget elementor-widget-heading\" data-id=\"868da5f\" data-element_type=\"widget\" data-e-type=\"widget\" data-widget_type=\"heading.default\">\n\t\t\t\t\t<h2 class=\"elementor-heading-title elementor-size-default\">S\u00d6Z EMEKL\u0130L\u0130K\nProfesyonel SGK ve Emeklilik Dan\u0131\u015fmanl\u0131\u011f\u0131<\/h2>\t\t\t\t<\/div>\n\t\t\t\t\t<\/div>\n\t\t\t\t<\/div>\n\t\t<div class=\"elementor-element elementor-element-7674849 e-flex e-con-boxed e-con e-parent\" data-id=\"7674849\" data-element_type=\"container\" data-e-type=\"container\">\n\t\t\t\t\t<div class=\"e-con-inner\">\n\t\t\t\t<div class=\"elementor-element elementor-element-c25fb0e elementor-widget elementor-widget-text-editor\" data-id=\"c25fb0e\" data-element_type=\"widget\" data-e-type=\"widget\" data-widget_type=\"text-editor.default\">\n\t\t\t\t\t\t\t\t\t<p>SGK, Emeklilik ve EYT Dan\u0131\u015fmanl\u0131\u011f\u0131\u00a0\u00a0<\/p><p>S\u00d6Z Emeklilik ile do\u011fru planlama, do\u011fru emeklilik.<\/p>\t\t\t\t\t\t\t\t<\/div>\n\t\t\t\t\t<\/div>\n\t\t\t\t<\/div>\n\t\t<div class=\"elementor-element elementor-element-4b5fcf2 e-flex e-con-boxed e-con e-parent\" data-id=\"4b5fcf2\" data-element_type=\"container\" data-e-type=\"container\">\n\t\t\t\t\t<div class=\"e-con-inner\">\n\t\t\t\t<div class=\"elementor-element elementor-element-cba8c76 elementor-align-center elementor-widget elementor-widget-button\" data-id=\"cba8c76\" data-element_type=\"widget\" data-e-type=\"widget\" data-widget_type=\"button.default\">\n\t\t\t\t\t\t\t\t\t\t<a class=\"elementor-button elementor-button-link elementor-size-sm\" href=\"https:\/\/wa.me\/905376915655?text=Merhaba,%20emeklilik%20dan\u0131\u015fmanl\u0131\u011f\u0131%20hakk\u0131nda%20bilgi%20almak%20istiyorum.\">\n\t\t\t\t\t\t<span class=\"elementor-button-content-wrapper\">\n\t\t\t\t\t\t\t\t\t<span class=\"elementor-button-text\">\u00dccretsiz \u00d6n Dan\u0131\u015fmanl\u0131k Al<\/span>\n\t\t\t\t\t<\/span>\n\t\t\t\t\t<\/a>\n\t\t\t\t\t\t\t\t<\/div>\n\t\t\t\t\t<\/div>\n\t\t\t\t<\/div>\n\t\t<div class=\"elementor-element elementor-element-b57ac35 e-flex e-con-boxed e-con e-parent\" data-id=\"b57ac35\" data-element_type=\"container\" data-e-type=\"container\">\n\t\t\t\t\t<div class=\"e-con-inner\">\n\t\t<div class=\"elementor-element elementor-element-2b4fd7a e-con-full e-flex e-con e-child\" data-id=\"2b4fd7a\" data-element_type=\"container\" data-e-type=\"container\">\n\t\t\t\t<div class=\"elementor-element elementor-element-3966a66 elementor-widget__width-initial elementor-widget elementor-widget-heading\" data-id=\"3966a66\" data-element_type=\"widget\" data-e-type=\"widget\" data-widget_type=\"heading.default\">\n\t\t\t\t\t<h2 class=\"elementor-heading-title elementor-size-default\">SGK Dan\u0131\u015fmanl\u0131\u011f\u0131<\/h2>\t\t\t\t<\/div>\n\t\t\t\t<div class=\"elementor-element elementor-element-44adbad elementor-widget elementor-widget-text-editor\" data-id=\"44adbad\" data-element_type=\"widget\" data-e-type=\"widget\" data-widget_type=\"text-editor.default\">\n\t\t\t\t\t\t\t\t\t<p>Emeklilik, EYT ve prim g\u00fcn planlamas\u0131 konusunda profesyonel SGK dan\u0131\u015fmanl\u0131\u011f\u0131 hizmeti sunuyoruz.<\/p>\t\t\t\t\t\t\t\t<\/div>\n\t\t\t\t<\/div>\n\t\t<div class=\"elementor-element elementor-element-687503e e-con-full e-flex e-con e-child\" data-id=\"687503e\" data-element_type=\"container\" data-e-type=\"container\">\n\t\t\t\t<div class=\"elementor-element elementor-element-a723d83 elementor-widget__width-initial elementor-widget elementor-widget-heading\" data-id=\"a723d83\" data-element_type=\"widget\" data-e-type=\"widget\" data-widget_type=\"heading.default\">\n\t\t\t\t\t<h2 class=\"elementor-heading-title elementor-size-default\">Emeklilik Planlama<\/h2>\t\t\t\t<\/div>\n\t\t\t\t<div class=\"elementor-element elementor-element-dc453b6 elementor-widget elementor-widget-text-editor\" data-id=\"dc453b6\" data-element_type=\"widget\" data-e-type=\"widget\" data-widget_type=\"text-editor.default\">\n\t\t\t\t\t\t\t\t\t<p>Emeklilik ya\u015f\u0131, prim g\u00fcn\u00fc ve maa\u015f planlamas\u0131 i\u00e7in profesyonel emeklilik dan\u0131\u015fmanl\u0131\u011f\u0131 hizmeti sunuyoruz.<\/p>\t\t\t\t\t\t\t\t<\/div>\n\t\t\t\t<\/div>\n\t\t<div class=\"elementor-element elementor-element-a82062a e-con-full e-flex e-con e-child\" data-id=\"a82062a\" data-element_type=\"container\" data-e-type=\"container\">\n\t\t\t\t<div class=\"elementor-element elementor-element-1018010 elementor-widget elementor-widget-heading\" data-id=\"1018010\" data-element_type=\"widget\" data-e-type=\"widget\" data-widget_type=\"heading.default\">\n\t\t\t\t\t<h2 class=\"elementor-heading-title elementor-size-default\">Yurtd\u0131\u015f\u0131 Bor\u00e7 ve Emeklilik  Dan\u0131\u015fmanl\u0131\u011f\u0131<\/h2>\t\t\t\t<\/div>\n\t\t\t\t<div class=\"elementor-element elementor-element-128f511 elementor-widget elementor-widget-text-editor\" data-id=\"128f511\" data-element_type=\"widget\" data-e-type=\"widget\" data-widget_type=\"text-editor.default\">\n\t\t\t\t\t\t\t\t\t<p>Yurtd\u0131\u015f\u0131 Bor\u00e7lanma ve Yurtd\u0131\u015f\u0131 Emeklilik \u015fartlar\u0131, ya\u015f, prim g\u00fcn\u00fc ve emeklilik s\u00fcreci hakk\u0131nda uzman dan\u0131\u015fmanl\u0131k hizmeti sunuyoruz.<\/p>\t\t\t\t\t\t\t\t<\/div>\n\t\t\t\t<\/div>\n\t\t\t\t\t<\/div>\n\t\t\t\t<\/div>\n\t\t\t\t<\/div>\n\t\t","protected":false},"excerpt":{"rendered":"<p>S\u00d6Z EMEKL\u0130L\u0130K Profesyonel SGK ve Emeklilik Dan\u0131\u015fmanl\u0131\u011f\u0131 SGK, Emeklilik ve EYT Dan\u0131\u015fmanl\u0131\u011f\u0131\u00a0\u00a0 S\u00d6Z Emeklilik ile do\u011fru planlama, do\u011fru emeklilik. \u00dccretsiz \u00d6n Dan\u0131\u015fmanl\u0131k Al SGK Dan\u0131\u015fmanl\u0131\u011f\u0131 Emeklilik, EYT ve prim g\u00fcn planlamas\u0131 konusunda profesyonel SGK dan\u0131\u015fmanl\u0131\u011f\u0131 hizmeti sunuyoruz. Emeklilik Planlama Emeklilik ya\u015f\u0131, prim g\u00fcn\u00fc ve maa\u015f planlamas\u0131 i\u00e7in profesyonel emeklilik dan\u0131\u015fmanl\u0131\u011f\u0131 hizmeti sunuyoruz. Yurtd\u0131\u015f\u0131 Bor\u00e7 ve [&hellip;]<\/p>\n","protected":false},"author":2,"featured_media":0,"parent":0,"menu_order":0,"comment_status":"closed","ping_status":"closed","template":"elementor_canvas","meta":{"footnotes":""},"class_list":["post-92","page","type-page","status-publish","hentry"],"_links":{"self":[{"href":"https:\/\/sozemeklilik.com\/index.php?rest_route=\/wp\/v2\/pages\/92","targetHints":{"allow":["GET"]}}],"collection":[{"href":"https:\/\/sozemeklilik.com\/index.php?rest_route=\/wp\/v2\/pages"}],"about":[{"href":"https:\/\/sozemeklilik.com\/index.php?rest_route=\/wp\/v2\/types\/page"}],"author":[{"embeddable":true,"href":"https:\/\/sozemeklilik.com\/index.php?rest_route=\/wp\/v2\/users\/2"}],"replies":[{"embeddable":true,"href":"https:\/\/sozemeklilik.com\/index.php?rest_route=%2Fwp%2Fv2%2Fcomments&post=92"}],"version-history":[{"count":26,"href":"https:\/\/sozemeklilik.com\/index.php?rest_route=\/wp\/v2\/pages\/92\/revisions"}],"predecessor-version":[{"id":125,"href":"https:\/\/sozemeklilik.com\/index.php?rest_route=\/wp\/v2\/pages\/92\/revisions\/125"}],"wp:attachment":[{"href":"https:\/\/sozemeklilik.com\/index.php?rest_route=%2Fwp%2Fv2%2Fmedia&parent=92"}],"curies":[{"name":"wp","href":"https:\/\/api.w.org\/{rel}","templated":true}]}}